{"id":655,"date":"2019-09-19T20:37:30","date_gmt":"2019-09-19T18:37:30","guid":{"rendered":"http:\/\/premio-jda.es\/?page_id=655"},"modified":"2021-02-16T21:49:09","modified_gmt":"2021-02-16T19:49:09","slug":"sobre-el-premio-jda","status":"publish","type":"page","link":"http:\/\/premio-jda.es\/?page_id=655","title":{"rendered":"Sobre el Premio JdA"},"content":{"rendered":"\n<div class=\"wp-block-image\"><figure class=\"aligncenter\"><img loading=\"lazy\" decoding=\"async\" width=\"300\" height=\"300\" src=\"http:\/\/premio-jda.es\/wp-content\/uploads\/2012\/09\/jda_critica-300x300.png\" alt=\"Juego del Juego del A\u00f1o - Premio de la Cr\u00edtica- Premio de la Cr\u00edtica\" class=\"wp-image-8\" srcset=\"http:\/\/premio-jda.es\/wp-content\/uploads\/2012\/09\/jda_critica-300x300.png 300w, http:\/\/premio-jda.es\/wp-content\/uploads\/2012\/09\/jda_critica-300x300-150x150.png 150w\" sizes=\"auto, (max-width: 300px) 100vw, 300px\" \/><\/figure><\/div>\n\n\n<p>El Premio JdA &#8211; Premio al Juego del A\u00f1o en Espa\u00f1a, nace en 2005 como iniciativa para difundir la cultura de los juegos de mesa y su reconocimiento como una forma de ocio social y cultural para todos los p\u00fablicos.<\/p>\n<p>El Premio JdA sigue la l\u00ednea de los premios europeos referentes, como el\u00a0<a href=\"https:\/\/www.spiel-des-jahres.de\" target=\"_blank\" rel=\"noopener noreferrer\">Spiel\u00a0des\u00a0Jahres<\/a>\u00a0de Alemania, el <a href=\"https:\/\/www.festivaldesjeux-cannes.com\/en\/festival\" target=\"_blank\" rel=\"noopener noreferrer\">As d&#8217;Or<\/a> de Francia o el\u00a0<a href=\"http:\/\/www.spielepreis.at\/wordpress\/\" target=\"_blank\" rel=\"noopener noreferrer\">Spiel\u00a0der Spiele<\/a> de la Academia Vienesa de Juegos en \u00a0Austria. Todos ellos comparten objetivos y un funcionamiento basado en la estricta independencia respecto la industria de los juegos.<\/p>\n<p>Entran como candidatos al Premio JdA autom\u00e1ticamente todos los juegos, que ajust\u00e1ndose a <a href=\"http:\/\/premio-jda.es\/?p=776\" target=\"_blank\" rel=\"noopener noreferrer\">las bases<\/a>, tengan fecha de edici\u00f3n (salida a la venta al p\u00fablico) en Espa\u00f1a se entre septiembre del a\u00f1o anterior y agosto del a\u00f1o de la denominaci\u00f3n del premio.<\/p>\n<p>Para la selecci\u00f3n de los juegos premiados,\u00a0<a href=\"http:\/\/premio-jda.es\/?p=776\" target=\"_blank\" rel=\"noopener noreferrer\">las bases<\/a>\u00a0del Premio JdA recogen unos criterios basados en la adecuaci\u00f3n de los juegos candidatos al p\u00fablico espa\u00f1ol, la \u00a0originalidad, la tem\u00e1tica, la jugabilidad y la valoraci\u00f3n de las experiencias l\u00fadicas en las partidas, as\u00ed como en la \u00a0calidad de los componentes, la claridad y correcci\u00f3n en los reglamentos, y en general, la utilidad de los propios juegos como herramienta de difusi\u00f3n de los juegos de mesa modernos y su reconocimiento social.\u00a0\u00a0<\/p>\n<p><a href=\"http:\/\/premio-jda.es\/?p=631\" target=\"_blank\" rel=\"noopener noreferrer\">El jurado<\/a>, compuesto por personas especialistas en juegos de mesa e independientes de la industria l\u00fadica, con especial inter\u00e9s en hacer jugar y jugar con una amplia variedad de personas.<\/p>\n<p>El fallo del Premio JdA tiene lugar anualmente en el <a href=\"https:\/\/www.festivaldejuegoscordoba.es\/\">Festival Internacional de Juegos de C\u00f3rdoba<\/a>, siempre el s\u00e1bado m\u00e1s cercano a la festividad del 12 de octubre.<\/p>\n<p style=\"text-align: left;\">Un mes antes aproximadamente, el jurado nacional del Premio JdA comunica a trav\u00e9s de esta web, los juegos Finalistas al Premio JdA, as\u00ed como una lista complementaria de otros juegos Recomendados.<\/p>\n\n\n<div class=\"wp-block-image\"><figure class=\"aligncenter\"><img loading=\"lazy\" decoding=\"async\" width=\"150\" height=\"150\" src=\"http:\/\/premio-jda.es\/wp-content\/uploads\/2012\/09\/jda_critica-150x150.png\" alt=\"Premio JdA\" class=\"wp-image-9\"\/><\/figure><\/div>\n","protected":false},"excerpt":{"rendered":"<p>El Premio JdA &#8211; Premio al Juego del A\u00f1o en Espa\u00f1a, nace en 2005 como iniciativa para difundir la cultura de los juegos de mesa y su reconocimiento como una forma de ocio social y cultural para todos los p\u00fablicos. El Premio JdA sigue la l\u00ednea de los premios europeos &#8230;<\/p>\n","protected":false},"author":1,"featured_media":0,"parent":0,"menu_order":0,"comment_status":"closed","ping_status":"closed","template":"","meta":{"footnotes":""},"class_list":["post-655","page","type-page","status-publish","hentry"],"_links":{"self":[{"href":"http:\/\/premio-jda.es\/index.php?rest_route=\/wp\/v2\/pages\/655","targetHints":{"allow":["GET"]}}],"collection":[{"href":"http:\/\/premio-jda.es\/index.php?rest_route=\/wp\/v2\/pages"}],"about":[{"href":"http:\/\/premio-jda.es\/index.php?rest_route=\/wp\/v2\/types\/page"}],"author":[{"embeddable":true,"href":"http:\/\/premio-jda.es\/index.php?rest_route=\/wp\/v2\/users\/1"}],"replies":[{"embeddable":true,"href":"http:\/\/premio-jda.es\/index.php?rest_route=%2Fwp%2Fv2%2Fcomments&post=655"}],"version-history":[{"count":8,"href":"http:\/\/premio-jda.es\/index.php?rest_route=\/wp\/v2\/pages\/655\/revisions"}],"predecessor-version":[{"id":1722,"href":"http:\/\/premio-jda.es\/index.php?rest_route=\/wp\/v2\/pages\/655\/revisions\/1722"}],"wp:attachment":[{"href":"http:\/\/premio-jda.es\/index.php?rest_route=%2Fwp%2Fv2%2Fmedia&parent=655"}],"curies":[{"name":"wp","href":"https:\/\/api.w.org\/{rel}","templated":true}]}}